{"id":52,"date":"2024-09-10T10:22:00","date_gmt":"2024-09-10T10:22:00","guid":{"rendered":"https:\/\/preprod-sofima.185-63-172-150.plesk.page\/?page_id=52"},"modified":"2024-12-17T09:52:34","modified_gmt":"2024-12-17T09:52:34","slug":"contact","status":"publish","type":"page","link":"https:\/\/www.sofima-sas.com\/en\/contact\/","title":{"rendered":"Contact"},"content":{"rendered":"<div data-elementor-type=\"wp-page\" data-elementor-id=\"52\" class=\"elementor elementor-52\" data-elementor-post-type=\"page\">\n\t\t\t\t<div class=\"elementor-element elementor-element-fe4c695 e-flex e-con-boxed e-con e-parent\" data-id=\"fe4c695\" data-element_type=\"container\" data-e-type=\"container\" data-settings=\"{&quot;background_background&quot;:&quot;classic&quot;}\">\n\t\t\t\t\t<div class=\"e-con-inner\">\n\t\t<div class=\"elementor-element elementor-element-ed24a8c e-flex e-con-boxed e-con e-child\" data-id=\"ed24a8c\" data-element_type=\"container\" data-e-type=\"container\" data-settings=\"{&quot;background_background&quot;:&quot;classic&quot;}\">\n\t\t\t\t\t<div class=\"e-con-inner\">\n\t\t\t\t<div class=\"elementor-element elementor-element-f539f9c elementor-widget__width-initial elementor-widget elementor-widget-heading\" data-id=\"f539f9c\" data-element_type=\"widget\" data-e-type=\"widget\" data-widget_type=\"heading.default\">\n\t\t\t\t<div class=\"elementor-widget-container\">\n\t\t\t\t\t<h1 class=\"elementor-heading-title elementor-size-default\">Contact<\/h1>\t\t\t\t<\/div>\n\t\t\t\t<\/div>\n\t\t\t\t\t<\/div>\n\t\t\t\t<\/div>\n\t\t<div class=\"elementor-element elementor-element-e39a962 e-con-full nn-contact-form-container e-flex e-con e-child\" data-id=\"e39a962\" data-element_type=\"container\" data-e-type=\"container\" data-settings=\"{&quot;background_background&quot;:&quot;classic&quot;}\">\n\t\t\t\t<div class=\"elementor-element elementor-element-a99817a nn-custom-form elementor-widget elementor-widget-shortcode\" data-id=\"a99817a\" data-element_type=\"widget\" data-e-type=\"widget\" data-widget_type=\"shortcode.default\">\n\t\t\t\t<div class=\"elementor-widget-container\">\n\t\t\t\t\t\t\t<div class=\"elementor-shortcode\">\n<div class=\"wpcf7 no-js\" id=\"wpcf7-f5-o1\" lang=\"fr-FR\" dir=\"ltr\" data-wpcf7-id=\"5\">\n<div class=\"screen-reader-response\"><p role=\"status\" aria-live=\"polite\" aria-atomic=\"true\"><\/p> <ul><\/ul><\/div>\n<form action=\"\/en\/wp-json\/wp\/v2\/pages\/52#wpcf7-f5-o1\" method=\"post\" class=\"wpcf7-form init\" aria-label=\"Contact form\" enctype=\"multipart\/form-data\" novalidate=\"novalidate\" data-status=\"init\" data-trp-original-action=\"\/en\/wp-json\/wp\/v2\/pages\/52#wpcf7-f5-o1\">\n<fieldset class=\"hidden-fields-container\"><input type=\"hidden\" name=\"_wpcf7\" value=\"5\" \/><input type=\"hidden\" name=\"_wpcf7_version\" value=\"6.1.5\" \/><input type=\"hidden\" name=\"_wpcf7_locale\" value=\"fr_FR\" \/><input type=\"hidden\" name=\"_wpcf7_unit_tag\" value=\"wpcf7-f5-o1\" \/><input type=\"hidden\" name=\"_wpcf7_container_post\" value=\"0\" \/><input type=\"hidden\" name=\"_wpcf7_posted_data_hash\" value=\"\" \/><input type=\"hidden\" name=\"_wpcf7_recaptcha_response\" value=\"\" \/>\n<\/fieldset>\n<p><label> Your surname \/ first name<br \/>\n<span class=\"wpcf7-form-control-wrap\" data-name=\"your-name\"><input size=\"40\" maxlength=\"400\" class=\"wpcf7-form-control wpcf7-text wpcf7-validates-as-required\" autocomplete=\"name\" aria-required=\"true\" aria-invalid=\"false\" value=\"\" type=\"text\" name=\"your-name\" \/><\/span> <\/label>\n<\/p>\n<p><label> Your e-mail<br \/>\n<span class=\"wpcf7-form-control-wrap\" data-name=\"your-email\"><input size=\"40\" maxlength=\"400\" class=\"wpcf7-form-control wpcf7-email wpcf7-validates-as-required wpcf7-text wpcf7-validates-as-email\" autocomplete=\"email\" aria-required=\"true\" aria-invalid=\"false\" value=\"\" type=\"email\" name=\"your-email\" \/><\/span> <\/label>\n<\/p>\n<p><label> Your company<br \/>\n<span class=\"wpcf7-form-control-wrap\" data-name=\"your-company\"><input size=\"40\" maxlength=\"400\" class=\"wpcf7-form-control wpcf7-text wpcf7-validates-as-required\" autocomplete=\"company\" aria-required=\"true\" aria-invalid=\"false\" value=\"\" type=\"text\" name=\"your-company\" \/><\/span> <\/label>\n<\/p>\n<p><label> Object<br \/>\n<span class=\"wpcf7-form-control-wrap\" data-name=\"your-subject\"><input size=\"40\" maxlength=\"400\" class=\"wpcf7-form-control wpcf7-text wpcf7-validates-as-required\" aria-required=\"true\" aria-invalid=\"false\" value=\"\" type=\"text\" name=\"your-subject\" \/><\/span> <\/label>\n<\/p>\n<p><label> Your message<br \/>\n<span class=\"wpcf7-form-control-wrap\" data-name=\"your-message\"><textarea cols=\"40\" rows=\"5\" maxlength=\"2000\" class=\"wpcf7-form-control wpcf7-textarea\" aria-invalid=\"false\" name=\"your-message\"><\/textarea><\/span> <\/label>\n<\/p>\n<p><label> File (optional)<br \/>\n<span class=\"wpcf7-form-control-wrap\" data-name=\"file-143\"><input size=\"40\" class=\"wpcf7-form-control wpcf7-file\" accept=\"audio\/*,video\/*,image\/*\" aria-invalid=\"false\" type=\"file\" name=\"file-143\" \/><\/span> <\/label>\n<\/p>\n<p><input class=\"wpcf7-form-control wpcf7-submit has-spinner\" type=\"submit\" value=\"Send\" \/>\n<\/p><div class=\"wpcf7-response-output\" aria-hidden=\"true\"><\/div>\n<input type=\"hidden\" name=\"trp-form-language\" value=\"en\"\/><\/form>\n<\/div>\n<\/div>\n\t\t\t\t\t\t<\/div>\n\t\t\t\t<\/div>\n\t\t\t\t<\/div>\n\t\t\t\t\t<\/div>\n\t\t\t\t<\/div>\n\t\t\t\t<\/div>","protected":false},"excerpt":{"rendered":"<p>Contact<\/p>","protected":false},"author":1,"featured_media":0,"parent":0,"menu_order":0,"comment_status":"closed","ping_status":"closed","template":"","meta":{"_acf_changed":false,"footnotes":""},"class_list":["post-52","page","type-page","status-publish","hentry"],"acf":[],"yoast_head":"<!-- This site is optimized with the Yoast SEO plugin v27.5 - https:\/\/yoast.com\/product\/yoast-seo-wordpress\/ -->\n<title>Contactez SOFIMA pour des solutions d&#039;automatisation en fonderie<\/title>\n<meta name=\"description\" content=\"Vous cherchez des solutions d\u2019automatisation innovantes pour votre production de fonderie ? Remplissez notre formulaire de contact et b\u00e9n\u00e9ficiez d&#039;une consultation personnalis\u00e9e pour optimiser vos processus industriels.\" \/>\n<meta name=\"robots\" content=\"index, follow, max-snippet:-1, max-image-preview:large, max-video-preview:-1\" \/>\n<link rel=\"canonical\" href=\"https:\/\/www.sofima-sas.com\/en\/contact\/\" \/>\n<meta property=\"og:locale\" content=\"en_GB\" \/>\n<meta property=\"og:type\" content=\"article\" \/>\n<meta property=\"og:title\" content=\"Contactez SOFIMA pour des solutions d&#039;automatisation en fonderie\" \/>\n<meta property=\"og:description\" content=\"Vous cherchez des solutions d\u2019automatisation innovantes pour votre production de fonderie ? Remplissez notre formulaire de contact et b\u00e9n\u00e9ficiez d&#039;une consultation personnalis\u00e9e pour optimiser vos processus industriels.\" \/>\n<meta property=\"og:url\" content=\"https:\/\/www.sofima-sas.com\/en\/contact\/\" \/>\n<meta property=\"og:site_name\" content=\"Sofima - Fonderie\" \/>\n<meta property=\"article:modified_time\" content=\"2024-12-17T09:52:34+00:00\" \/>\n<meta name=\"twitter:card\" content=\"summary_large_image\" \/>\n<meta name=\"twitter:label1\" content=\"Estimated reading time\" \/>\n\t<meta name=\"twitter:data1\" content=\"1 minute\" \/>\n<script type=\"application\/ld+json\" class=\"yoast-schema-graph\">{\"@context\":\"https:\\\/\\\/schema.org\",\"@graph\":[{\"@type\":\"WebPage\",\"@id\":\"https:\\\/\\\/www.sofima-sas.com\\\/contact\\\/\",\"url\":\"https:\\\/\\\/www.sofima-sas.com\\\/contact\\\/\",\"name\":\"Contactez SOFIMA pour des solutions d'automatisation en fonderie\",\"isPartOf\":{\"@id\":\"https:\\\/\\\/www.sofima-sas.com\\\/#website\"},\"datePublished\":\"2024-09-10T10:22:00+00:00\",\"dateModified\":\"2024-12-17T09:52:34+00:00\",\"description\":\"Vous cherchez des solutions d\u2019automatisation innovantes pour votre production de fonderie ? Remplissez notre formulaire de contact et b\u00e9n\u00e9ficiez d'une consultation personnalis\u00e9e pour optimiser vos processus industriels.\",\"breadcrumb\":{\"@id\":\"https:\\\/\\\/www.sofima-sas.com\\\/contact\\\/#breadcrumb\"},\"inLanguage\":\"en-GB\",\"potentialAction\":[{\"@type\":\"ReadAction\",\"target\":[\"https:\\\/\\\/www.sofima-sas.com\\\/contact\\\/\"]}]},{\"@type\":\"BreadcrumbList\",\"@id\":\"https:\\\/\\\/www.sofima-sas.com\\\/contact\\\/#breadcrumb\",\"itemListElement\":[{\"@type\":\"ListItem\",\"position\":1,\"name\":\"Accueil\",\"item\":\"https:\\\/\\\/www.sofima-sas.com\\\/\"},{\"@type\":\"ListItem\",\"position\":2,\"name\":\"Contact\"}]},{\"@type\":\"WebSite\",\"@id\":\"https:\\\/\\\/www.sofima-sas.com\\\/#website\",\"url\":\"https:\\\/\\\/www.sofima-sas.com\\\/\",\"name\":\"Sofima - Fonderie\",\"description\":\"Sp\u00e9cialiste de l&#039;automatisation de lignes de production pour le secteur de la fonderie aluminium\",\"publisher\":{\"@id\":\"https:\\\/\\\/www.sofima-sas.com\\\/#organization\"},\"potentialAction\":[{\"@type\":\"SearchAction\",\"target\":{\"@type\":\"EntryPoint\",\"urlTemplate\":\"https:\\\/\\\/www.sofima-sas.com\\\/?s={search_term_string}\"},\"query-input\":{\"@type\":\"PropertyValueSpecification\",\"valueRequired\":true,\"valueName\":\"search_term_string\"}}],\"inLanguage\":\"en-GB\"},{\"@type\":\"Organization\",\"@id\":\"https:\\\/\\\/www.sofima-sas.com\\\/#organization\",\"name\":\"Sofima - Fonderie\",\"url\":\"https:\\\/\\\/www.sofima-sas.com\\\/\",\"logo\":{\"@type\":\"ImageObject\",\"inLanguage\":\"en-GB\",\"@id\":\"https:\\\/\\\/www.sofima-sas.com\\\/#\\\/schema\\\/logo\\\/image\\\/\",\"url\":\"https:\\\/\\\/www.sofima-sas.com\\\/wp-content\\\/uploads\\\/2024\\\/09\\\/sofima-logo.png\",\"contentUrl\":\"https:\\\/\\\/www.sofima-sas.com\\\/wp-content\\\/uploads\\\/2024\\\/09\\\/sofima-logo.png\",\"width\":1261,\"height\":213,\"caption\":\"Sofima - Fonderie\"},\"image\":{\"@id\":\"https:\\\/\\\/www.sofima-sas.com\\\/#\\\/schema\\\/logo\\\/image\\\/\"}}]}<\/script>\n<!-- \/ Yoast SEO plugin. -->","yoast_head_json":{"title":"Contact SOFIMA for foundry automation solutions","description":"Are you looking for innovative automation solutions for your foundry production? Fill in our contact form and benefit from a personalised consultation to optimise your industrial processes.","robots":{"index":"index","follow":"follow","max-snippet":"max-snippet:-1","max-image-preview":"max-image-preview:large","max-video-preview":"max-video-preview:-1"},"canonical":"https:\/\/www.sofima-sas.com\/en\/contact\/","og_locale":"en_GB","og_type":"article","og_title":"Contactez SOFIMA pour des solutions d'automatisation en fonderie","og_description":"Vous cherchez des solutions d\u2019automatisation innovantes pour votre production de fonderie ? Remplissez notre formulaire de contact et b\u00e9n\u00e9ficiez d'une consultation personnalis\u00e9e pour optimiser vos processus industriels.","og_url":"https:\/\/www.sofima-sas.com\/en\/contact\/","og_site_name":"Sofima - Fonderie","article_modified_time":"2024-12-17T09:52:34+00:00","twitter_card":"summary_large_image","twitter_misc":{"Estimated reading time":"1 minute"},"schema":{"@context":"https:\/\/schema.org","@graph":[{"@type":"WebPage","@id":"https:\/\/www.sofima-sas.com\/contact\/","url":"https:\/\/www.sofima-sas.com\/contact\/","name":"Contact SOFIMA for foundry automation solutions","isPartOf":{"@id":"https:\/\/www.sofima-sas.com\/#website"},"datePublished":"2024-09-10T10:22:00+00:00","dateModified":"2024-12-17T09:52:34+00:00","description":"Are you looking for innovative automation solutions for your foundry production? Fill in our contact form and benefit from a personalised consultation to optimise your industrial processes.","breadcrumb":{"@id":"https:\/\/www.sofima-sas.com\/contact\/#breadcrumb"},"inLanguage":"en-GB","potentialAction":[{"@type":"ReadAction","target":["https:\/\/www.sofima-sas.com\/contact\/"]}]},{"@type":"BreadcrumbList","@id":"https:\/\/www.sofima-sas.com\/contact\/#breadcrumb","itemListElement":[{"@type":"ListItem","position":1,"name":"Accueil","item":"https:\/\/www.sofima-sas.com\/"},{"@type":"ListItem","position":2,"name":"Contact"}]},{"@type":"WebSite","@id":"https:\/\/www.sofima-sas.com\/#website","url":"https:\/\/www.sofima-sas.com\/","name":"Sofima - Foundry","description":"Specialist in the automation of production lines for the aluminium foundry sector","publisher":{"@id":"https:\/\/www.sofima-sas.com\/#organization"},"potentialAction":[{"@type":"SearchAction","target":{"@type":"EntryPoint","urlTemplate":"https:\/\/www.sofima-sas.com\/?s={search_term_string}"},"query-input":{"@type":"PropertyValueSpecification","valueRequired":true,"valueName":"search_term_string"}}],"inLanguage":"en-GB"},{"@type":"Organization","@id":"https:\/\/www.sofima-sas.com\/#organization","name":"Sofima - Foundry","url":"https:\/\/www.sofima-sas.com\/","logo":{"@type":"ImageObject","inLanguage":"en-GB","@id":"https:\/\/www.sofima-sas.com\/#\/schema\/logo\/image\/","url":"https:\/\/www.sofima-sas.com\/wp-content\/uploads\/2024\/09\/sofima-logo.png","contentUrl":"https:\/\/www.sofima-sas.com\/wp-content\/uploads\/2024\/09\/sofima-logo.png","width":1261,"height":213,"caption":"Sofima - Fonderie"},"image":{"@id":"https:\/\/www.sofima-sas.com\/#\/schema\/logo\/image\/"}}]}},"_links":{"self":[{"href":"https:\/\/www.sofima-sas.com\/en\/wp-json\/wp\/v2\/pages\/52","targetHints":{"allow":["GET"]}}],"collection":[{"href":"https:\/\/www.sofima-sas.com\/en\/wp-json\/wp\/v2\/pages"}],"about":[{"href":"https:\/\/www.sofima-sas.com\/en\/wp-json\/wp\/v2\/types\/page"}],"author":[{"embeddable":true,"href":"https:\/\/www.sofima-sas.com\/en\/wp-json\/wp\/v2\/users\/1"}],"replies":[{"embeddable":true,"href":"https:\/\/www.sofima-sas.com\/en\/wp-json\/wp\/v2\/comments?post=52"}],"version-history":[{"count":4,"href":"https:\/\/www.sofima-sas.com\/en\/wp-json\/wp\/v2\/pages\/52\/revisions"}],"predecessor-version":[{"id":1426,"href":"https:\/\/www.sofima-sas.com\/en\/wp-json\/wp\/v2\/pages\/52\/revisions\/1426"}],"wp:attachment":[{"href":"https:\/\/www.sofima-sas.com\/en\/wp-json\/wp\/v2\/media?parent=52"}],"curies":[{"name":"wp","href":"https:\/\/api.w.org\/{rel}","templated":true}]}}